{"id":713,"date":"2022-11-11T07:54:56","date_gmt":"2022-11-11T07:54:56","guid":{"rendered":"https:\/\/thecealbrand.es\/?page_id=713"},"modified":"2023-12-27T16:58:10","modified_gmt":"2023-12-27T16:58:10","slug":"cambios-y-devoluciones","status":"publish","type":"page","link":"https:\/\/thecealbrand.es\/index.php\/cambios-y-devoluciones\/","title":{"rendered":"Cambios y devoluciones"},"content":{"rendered":"\n<ul class=\"wp-block-list\">\n<li>Dispone de 14 d\u00edas naturales desde la recepci\u00f3n de su pedido para solicitar el cambio o devoluci\u00f3n de los art\u00edculos.<\/li>\n\n\n\n<li>Para realizar cualquier cambio o devoluci\u00f3n, es necesario enviar un correo a thecealb@gmail.com indicando n\u00famero de pedido y art\u00edculos a devolver.<\/li>\n<\/ul>\n\n\n\n<p class=\"has-background\" style=\"background-color:#f78da866\">Devoluci\u00f3n<\/p>\n\n\n\n<ul class=\"wp-block-list\">\n<li>El cliente deber\u00e1 enviar a la direcci\u00f3n que facilitemos por mail los art\u00edculos a devolver. Es importante que los art\u00edculos no est\u00e9n usados ni estropeados, no hayan sufrido ning\u00fan da\u00f1o y deben estar en las mismas condiciones en las que se entregaron. Por favor, deber\u00e1 ser cuidadoso con el producto mientras est\u00e9 en su posesi\u00f3n.<\/li>\n\n\n\n<li>En caso de no cumplir con estos requisitos, The Ceal Brand se reserva el derecho a no admitir dicha devoluci\u00f3n.<\/li>\n<\/ul>\n\n\n\n<p class=\"has-black-color has-text-color has-background\" style=\"background-color:#f78da866\">Reembolso<\/p>\n\n\n\n<ul class=\"wp-block-list\">\n<li>El reembolso se realizar\u00e1 en la misma forma de pago que hayas utilizado para tu compra, en un tiempo estimado de 10-15 d\u00edas.<\/li>\n\n\n\n<li>Los gastos de env\u00edo no se reembolsar\u00e1n.<\/li>\n<\/ul>\n\n\n\n<p class=\"has-background\" style=\"background-color:#f78da866\">Cambio<\/p>\n\n\n\n<ul class=\"wp-block-list\">\n<li>El cliente deber\u00e1 enviar a la direcci\u00f3n que facilitemos por mail los art\u00edculos a cambiar. Es importante que los art\u00edculos no est\u00e9n usados ni estropeados, no hayan sufrido ning\u00fan da\u00f1o y deben estar en las mismas condiciones en las que se entregaron. Por favor, deber\u00e1 ser cuidadoso con el producto mientras est\u00e9 en su posesi\u00f3n.<\/li>\n\n\n\n<li>En caso de no cumplir con estos requisitos, The Ceal Brand se reserva el derecho a no admitir dicho producto.<\/li>\n\n\n\n<li>Una vez recibamos los art\u00edculos del cambio, enviaremos el nuevo producto, antes, el cliente habr\u00e1 abonado los gastos de env\u00edo del nuevo producto (4,50\u20ac).<\/li>\n<\/ul>\n","protected":false},"excerpt":{"rendered":"<p>Devoluci\u00f3n Reembolso Cambio<\/p>\n","protected":false},"author":1,"featured_media":0,"parent":0,"menu_order":0,"comment_status":"closed","ping_status":"closed","template":"","meta":{"footnotes":""},"class_list":["post-713","page","type-page","status-publish","hentry"],"jetpack_sharing_enabled":true,"_links":{"self":[{"href":"https:\/\/thecealbrand.es\/index.php\/wp-json\/wp\/v2\/pages\/713","targetHints":{"allow":["GET"]}}],"collection":[{"href":"https:\/\/thecealbrand.es\/index.php\/wp-json\/wp\/v2\/pages"}],"about":[{"href":"https:\/\/thecealbrand.es\/index.php\/wp-json\/wp\/v2\/types\/page"}],"author":[{"embeddable":true,"href":"https:\/\/thecealbrand.es\/index.php\/wp-json\/wp\/v2\/users\/1"}],"replies":[{"embeddable":true,"href":"https:\/\/thecealbrand.es\/index.php\/wp-json\/wp\/v2\/comments?post=713"}],"version-history":[{"count":4,"href":"https:\/\/thecealbrand.es\/index.php\/wp-json\/wp\/v2\/pages\/713\/revisions"}],"predecessor-version":[{"id":1508,"href":"https:\/\/thecealbrand.es\/index.php\/wp-json\/wp\/v2\/pages\/713\/revisions\/1508"}],"wp:attachment":[{"href":"https:\/\/thecealbrand.es\/index.php\/wp-json\/wp\/v2\/media?parent=713"}],"curies":[{"name":"wp","href":"https:\/\/api.w.org\/{rel}","templated":true}]}}