{"id":1833,"date":"2024-06-12T12:11:53","date_gmt":"2024-06-12T12:11:53","guid":{"rendered":"https:\/\/thecealbrand.es\/?post_type=product&#038;p=1833"},"modified":"2026-03-06T11:04:01","modified_gmt":"2026-03-06T11:04:01","slug":"cinturon-gaia","status":"publish","type":"product","link":"https:\/\/thecealbrand.es\/index.php\/producto\/cinturon-gaia\/","title":{"rendered":"Cintur\u00f3n Gaia"},"content":{"rendered":"","protected":false},"excerpt":{"rendered":"<p>Cintur\u00f3n de tela con espejos. Fabricado a mano, muy ligero y con un brillo que iluminar\u00e1 todos tus outfits.<\/p>\n<ul>\n<li>Hecho de hilo metalizado con piedras de espejo y cierre de acero inoxidable.<\/li>\n<li>Talla \u00fanica regulable:\n<ul>\n<li>78cm a 98 cm.<\/li>\n<li>86cm a 106cm.<\/li>\n<li>Para otras medidas, contacta con nosotros.<\/li>\n<\/ul>\n<\/li>\n<\/ul>\n<p>&nbsp;<\/p>\n<p>&nbsp;<\/p>\n<p>&nbsp;<\/p>\n","protected":false},"featured_media":2476,"template":"","meta":[],"product_brand":[],"product_cat":[80,16,55],"product_tag":[],"class_list":{"0":"post-1833","1":"product","2":"type-product","3":"status-publish","4":"has-post-thumbnail","6":"product_cat-cinturones","7":"product_cat-new","8":"product_cat-sales","10":"first","11":"instock","12":"sale","13":"taxable","14":"shipping-taxable","15":"purchasable","16":"product-type-simple"},"jetpack_sharing_enabled":true,"_links":{"self":[{"href":"https:\/\/thecealbrand.es\/index.php\/wp-json\/wp\/v2\/product\/1833","targetHints":{"allow":["GET"]}}],"collection":[{"href":"https:\/\/thecealbrand.es\/index.php\/wp-json\/wp\/v2\/product"}],"about":[{"href":"https:\/\/thecealbrand.es\/index.php\/wp-json\/wp\/v2\/types\/product"}],"wp:featuredmedia":[{"embeddable":true,"href":"https:\/\/thecealbrand.es\/index.php\/wp-json\/wp\/v2\/media\/2476"}],"wp:attachment":[{"href":"https:\/\/thecealbrand.es\/index.php\/wp-json\/wp\/v2\/media?parent=1833"}],"wp:term":[{"taxonomy":"product_brand","embeddable":true,"href":"https:\/\/thecealbrand.es\/index.php\/wp-json\/wp\/v2\/product_brand?post=1833"},{"taxonomy":"product_cat","embeddable":true,"href":"https:\/\/thecealbrand.es\/index.php\/wp-json\/wp\/v2\/product_cat?post=1833"},{"taxonomy":"product_tag","embeddable":true,"href":"https:\/\/thecealbrand.es\/index.php\/wp-json\/wp\/v2\/product_tag?post=1833"}],"curies":[{"name":"wp","href":"https:\/\/api.w.org\/{rel}","templated":true}]}}