{"id":1973,"date":"2024-07-04T15:42:42","date_gmt":"2024-07-04T15:42:42","guid":{"rendered":"https:\/\/thecealbrand.es\/?post_type=product&#038;p=1973"},"modified":"2026-03-06T11:02:56","modified_gmt":"2026-03-06T11:02:56","slug":"cinturon-gaia-mini","status":"publish","type":"product","link":"https:\/\/thecealbrand.es\/index.php\/producto\/cinturon-gaia-mini\/","title":{"rendered":"Cintur\u00f3n Gaia mini"},"content":{"rendered":"","protected":false},"excerpt":{"rendered":"<p>Cintur\u00f3n de tela con espejos. Fabricado a mano, muy ligero y con un brillo que iluminar\u00e1 todos tus outfits.<\/p>\n<ul>\n<li>Hecho de hilo metalizado con piedras de espejo y cierre de acero inoxidable.<\/li>\n<li>Talla \u00fanica regulable: 78cm a 98 cm.\n<ul>\n<li>Si quieres consultar otras medidas, contacta con nosotros.<\/li>\n<\/ul>\n<\/li>\n<\/ul>\n","protected":false},"featured_media":2003,"template":"","meta":[],"product_brand":[],"product_cat":[80,16,55],"product_tag":[],"class_list":{"0":"post-1973","1":"product","2":"type-product","3":"status-publish","4":"has-post-thumbnail","6":"product_cat-cinturones","7":"product_cat-new","8":"product_cat-sales","10":"first","11":"instock","12":"sale","13":"taxable","14":"shipping-taxable","15":"purchasable","16":"product-type-simple"},"jetpack_sharing_enabled":true,"_links":{"self":[{"href":"https:\/\/thecealbrand.es\/index.php\/wp-json\/wp\/v2\/product\/1973","targetHints":{"allow":["GET"]}}],"collection":[{"href":"https:\/\/thecealbrand.es\/index.php\/wp-json\/wp\/v2\/product"}],"about":[{"href":"https:\/\/thecealbrand.es\/index.php\/wp-json\/wp\/v2\/types\/product"}],"wp:featuredmedia":[{"embeddable":true,"href":"https:\/\/thecealbrand.es\/index.php\/wp-json\/wp\/v2\/media\/2003"}],"wp:attachment":[{"href":"https:\/\/thecealbrand.es\/index.php\/wp-json\/wp\/v2\/media?parent=1973"}],"wp:term":[{"taxonomy":"product_brand","embeddable":true,"href":"https:\/\/thecealbrand.es\/index.php\/wp-json\/wp\/v2\/product_brand?post=1973"},{"taxonomy":"product_cat","embeddable":true,"href":"https:\/\/thecealbrand.es\/index.php\/wp-json\/wp\/v2\/product_cat?post=1973"},{"taxonomy":"product_tag","embeddable":true,"href":"https:\/\/thecealbrand.es\/index.php\/wp-json\/wp\/v2\/product_tag?post=1973"}],"curies":[{"name":"wp","href":"https:\/\/api.w.org\/{rel}","templated":true}]}}